{"id":4133,"date":"2020-01-02T15:06:11","date_gmt":"2020-01-02T15:06:11","guid":{"rendered":"https:\/\/thispencer.com\/?page_id=4133"},"modified":"2020-01-06T14:59:19","modified_gmt":"2020-01-06T14:59:19","slug":"de-atlas-sanitation-products","status":"publish","type":"page","link":"https:\/\/thispencer.com\/fr\/de-atlas-sanitation-products\/","title":{"rendered":""},"content":{"rendered":"<p>[vc_row][vc_column][vc_column_text][\/vc_column_text][\/vc_column][\/vc_row][vc_row full_width=&#8221;stretch_row_content&#8221; equal_height=&#8221;yes&#8221; content_placement=&#8221;top&#8221; css=&#8221;.vc_custom_1516891335556{background-position: center !important;background-repeat: no-repeat !important;background-size: cover !important;}&#8221;][vc_column width=&#8221;1\/4&#8243; css=&#8221;.vc_custom_1531742558275{padding-left: 0px !important;background-position: center !important;background-repeat: no-repeat !important;background-size: cover !important;}&#8221; offset=&#8221;vc_hidden-sm vc_hidden-xs&#8221;][vc_single_image image=&#8221;3897&#8243; img_size=&#8221;full&#8221; alignment=&#8221;center&#8221; css_animation=&#8221;fadeInLeft&#8221; css=&#8221;.vc_custom_1575455476806{margin-bottom: 0px !important;}&#8221;][\/vc_column][vc_column width=&#8221;2\/4&#8243;]<div id=\"ze-vc-element-1834\" class=\"ze-vc-custom-title clearfix  hide-in-mobile\" style=\"text-align:center\"><div class=\"print-world-info-wrapper icon-align-top\"><div class=\"ze-vc-custom-title-container \"><h4 id=\"ze-vc-title-6627\" class=\"ze-vc-responsive ze-title\" style=\"font-family:Roboto;font-weight:300;font-style:normal;color:#c1c1c1;;letter-spacing:-15px;\"  data-json-responsive=\"desktop:150px;tablet:115px;tablet-landscape:115px;mobile:100px;mobile-landscape:100px\">Atlas Sanitation Products B.V.<\/h4><\/div><\/div><\/div><div id=\"ze-vc-element-7100\" class=\"ze-vc-custom-title clearfix \" style=\"text-align:center\"><div class=\"print-world-info-wrapper icon-align-top\"><div class=\"ze-vc-custom-title-container \"><h4 id=\"ze-vc-title-6773\" class=\"ze-vc-responsive ze-title\" style=\"font-family:Roboto;font-weight:300;font-style:normal;color:#1c2746;;\"  data-json-responsive=\"desktop:40px;tablet:10;tablet-landscape:10;mobile:5;mobile-landscape:5\"><span style=\"font-weight: 600;\">FOURNISSEUR TOTAL<\/span> POUR LES SOCI\u00c9T\u00c9S DE LOCATION<\/h4><\/div><div class=\"ze-vc-custom-subtitle-container\"><h3 id=\"ze-vc-subtitle-9058\" class=\"ze-vc-responsive\"  style=\"font-family:Roboto;font-weight:500;font-style:normal;color:#1c2746;;\" data-json-responsive=\"desktop:13px;tablet:10;tablet-landscape:10;mobile:5;mobile-landscape:5\">SHIPPING WORLDWIDE <\/h3><\/div><\/div><\/div>[\/vc_column][vc_column width=&#8221;1\/4&#8243; css=&#8221;.vc_custom_1531742566904{padding-right: 0px !important;}&#8221; offset=&#8221;vc_hidden-sm vc_hidden-xs&#8221;][vc_single_image image=&#8221;3892&#8243; img_size=&#8221;full&#8221; alignment=&#8221;right&#8221; css_animation=&#8221;fadeInRight&#8221; css=&#8221;.vc_custom_1575455486224{margin-bottom: 0px !important;}&#8221;][\/vc_column][\/vc_row][vc_row][vc_column][vc_column_text][\/vc_column_text][\/vc_column][\/vc_row][vc_row full_width=&#8221;stretch_row_content_no_spaces&#8221;][vc_column][vc_text_separator title=&#8221;&#8221; i_icon_fontawesome=&#8221;fa fa-check&#8221; i_color=&#8221;custom&#8221; i_size=&#8221;lg&#8221; color=&#8221;custom&#8221; add_icon=&#8221;true&#8221; i_custom_color=&#8221;#161c3c&#8221; accent_color=&#8221;#eaeaea&#8221;][vc_empty_space height=&#8221;40px&#8221;][\/vc_column][\/vc_row][vc_row equal_height=&#8221;yes&#8221; content_placement=&#8221;middle&#8221;][vc_column width=&#8221;7\/12&#8243;][vc_row_inner equal_height=&#8221;yes&#8221; content_placement=&#8221;middle&#8221;][vc_column_inner width=&#8221;3\/12&#8243;][vc_single_image image=&#8221;3907&#8243; img_size=&#8221;full&#8221; css=&#8221;.vc_custom_1575457162925{margin-bottom: 0px !important;}&#8221;][\/vc_column_inner][vc_column_inner width=&#8221;1\/12&#8243;][\/vc_column_inner][vc_column_inner width=&#8221;8\/12&#8243;]<div id=\"ze-vc-element-1809\" class=\"ze-vc-custom-title clearfix \" style=\"text-align:left\"><div class=\"print-world-info-wrapper icon-align-top\"><div class=\"ze-vc-custom-title-container \"><h6 id=\"ze-vc-title-4633\" class=\"ze-vc-responsive ze-title\" style=\"font-family:Source Sans Pro;font-weight:400;font-style:normal;color:#1d2341;;letter-spacing:6px;\"  data-json-responsive=\"desktop:30px;tablet:20px;tablet-landscape:20px;mobile:20px;mobile-landscape:20px\">LA PLUS HAUTE QUALIT\u00c9 AUX MEILLEURS PRIX<\/h6><\/div><\/div><\/div><div id=\"ze-vc-element-5998\" class=\"ze-vc-custom-title clearfix \" style=\"text-align:left\"><div class=\"print-world-info-wrapper icon-align-top\"><div class=\"ze-vc-custom-title-container \"><h6 id=\"ze-vc-title-5680\" class=\"ze-vc-responsive ze-title\" style=\"font-family:Roboto;font-weight:400;font-style:normal;color:#575c6f;;letter-spacing:2px;line-height:1.7em;\"  data-json-responsive=\"desktop:13px;tablet:13px;tablet-landscape:13px;mobile:13px;mobile-landscape:13px\">NOUS CONCEVONS ET FABRIQUONS DES URINOIRS, DES UNIT\u00c9S DE LAVAGE \u00c0 LA MAIN, DES R\u00c9SERVOIRS DE D\u00c9CHETS ET DES PI\u00c8CES. CELA S'A COMBIN\u00c9 \u00c0 LA DISTRIBUTION EUROP\u00c9ENNE DES D\u00c9ODORANTS WALEX NOUS PERMET D'\u00caTRE UN FOURNISSEUR TOTAL POUR LES ENTREPRISES DE LOCATION<\/h6><\/div><\/div><\/div>[\/vc_column_inner][\/vc_row_inner][\/vc_column][vc_column width=&#8221;5\/12&#8243;][vc_row_inner][vc_column_inner width=&#8221;1\/4&#8243;][\/vc_column_inner][vc_column_inner width=&#8221;3\/4&#8243;]<div id=\"ze-vc-element-5508\" class=\"ze-vc-custom-title clearfix \" style=\"text-align:left\"><div class=\"print-world-info-wrapper icon-align-top\"><div class=\"ze-vc-custom-title-container \"><h6 id=\"ze-vc-title-5984\" class=\"ze-vc-responsive ze-title\" style=\"font-family:Roboto;font-weight:400;font-style:normal;color:#1d2341;;letter-spacing:6px;\"  data-json-responsive=\"desktop:20px;tablet:16px;tablet-landscape:16px;mobile:14px;mobile-landscape:14px\">PUISQUE<\/h6><\/div><\/div><\/div>[vc_custom_heading text=&#8221;1996&#8243; font_container=&#8221;tag:p|font_size:130px|text_align:left|color:%23161b3c|line_height:108px&#8221; google_fonts=&#8221;font_family:Source%20Sans%20Pro%3A200%2C200italic%2C300%2C300italic%2Cregular%2Citalic%2C600%2C600italic%2C700%2C700italic%2C900%2C900italic|font_style:400%20regular%3A400%3Anormal&#8221;]<div id=\"ze-vc-element-4012\" class=\"ze-vc-custom-title clearfix \" style=\"text-align:left\"><div class=\"print-world-info-wrapper icon-align-top\"><div class=\"ze-vc-custom-title-container \"><h6 id=\"ze-vc-title-5362\" class=\"ze-vc-responsive ze-title\" style=\"font-family:Roboto;font-weight:400;font-style:normal;color:#a5a5a5;;letter-spacing:2px;line-height:1.5em;\"  data-json-responsive=\"desktop:13px;tablet:13px;tablet-landscape:13px;mobile:13px;mobile-landscape:13px\">CONCEPTEUR, FABRICANT ET GROSSISTE DANS L'INDUSTRIE DE LA LOCATION DE TOILETTES<\/h6><\/div><\/div><\/div>[\/vc_column_inner][\/vc_row_inner][\/vc_column][\/vc_row][vc_row][vc_column][vc_empty_space height=&#8221;100px&#8221;][\/vc_column][\/vc_row][vc_row full_width=&#8221;stretch_row&#8221; parallax=&#8221;content-moving-fade&#8221; parallax_image=&#8221;3571&#8243; css=&#8221;.vc_custom_1575461403849{background-color: #f9f9f9 !important;}&#8221;][vc_column css=&#8221;.vc_custom_1575461134659{padding-top: 0px !important;}&#8221;][vc_row_inner content_placement=&#8221;bottom&#8221; css=&#8221;.vc_custom_1575459442099{background-position: center !important;background-repeat: no-repeat !important;background-size: cover !important;}&#8221; el_class=&#8221;parallax-bg&#8221;][vc_column_inner width=&#8221;1\/2&#8243;][\/vc_column_inner][vc_column_inner width=&#8221;1\/2&#8243;][vc_empty_space height=&#8221;150px&#8221;]<div id=\"ze-vc-element-9980\" class=\"ze-vc-custom-title clearfix \" style=\"text-align:left\"><div class=\"print-world-info-wrapper icon-align-top\"><div class=\"ze-vc-custom-title-container \"><h6 id=\"ze-vc-title-2379\" class=\"ze-vc-responsive ze-title\" style=\"font-family:Roboto;font-weight:300;font-style:normal;color:#ffffff;;\"  data-json-responsive=\"desktop:40px;tablet:10;tablet-landscape:10;mobile:5;mobile-landscape:5\"><span style=\"font-weight: 600;\">PLUTO URINOIR<\/span> GAMMA<\/h6><\/div><div class=\"ze-vc-custom-subtitle-container\"><h3 id=\"ze-vc-subtitle-8886\" class=\"ze-vc-responsive\"  style=\"font-family:Roboto;font-weight:500;font-style:normal;color:#ffffff;;letter-spacing:2px;\" data-json-responsive=\"desktop:13px;tablet:10;tablet-landscape:10;mobile:5;mobile-landscape:5\">URINOIRS POUR \u00c9V\u00c9NEMENTS ET CENTRES VILLE. FABRIQU\u00c9 EN HOLLANDE<\/h3><\/div><\/div><\/div>[vc_empty_space height=&#8221;150px&#8221;][\/vc_column_inner][\/vc_row_inner][\/vc_column][\/vc_row][vc_row css=&#8221;.vc_custom_1532093698582{background-position: center !important;background-repeat: no-repeat !important;background-size: contain !important;}&#8221; el_class=&#8221;team-row-with-bg&#8221;][vc_column][vc_empty_space height=&#8221;40px&#8221;]<div id=\"ze-vc-element-5908\" class=\"ze-vc-custom-title clearfix \" style=\"text-align:center\"><div class=\"print-world-info-wrapper icon-align-top\"><div class=\"ze-vc-custom-title-container \"><h6 id=\"ze-vc-title-5927\" class=\"ze-vc-responsive ze-title\" style=\"font-family:Roboto;font-weight:400;font-style:normal;color:#151b3a;;letter-spacing:5px;\"  data-json-responsive=\"desktop:28px;tablet:28px;tablet-landscape:28px;mobile:25px;mobile-landscape:25px\">RENCONTREZ NOTRE \u00c9QUIPE<\/h6><\/div><div class=\"ze-vc-custom-subtitle-container\"><p id=\"ze-vc-subtitle-5442\" class=\"ze-vc-responsive\"  style=\"font-family:Roboto;font-weight:400;font-style:normal;color:#101010;;letter-spacing:7px;\" data-json-responsive=\"desktop:13px;tablet:13px;tablet-landscape:13px;mobile:13px;mobile-landscape:13px\">NOS MEMBRES D'\u00c9QUIPE SP\u00c9CIALIS\u00c9S<\/p><\/div><\/div><\/div>[vc_empty_space height=&#8221;70px&#8221;][vc_row_inner gap=&#8221;35&#8243;][vc_column_inner width=&#8221;1\/4&#8243;]<div class=\"ult-team-member-wrap ult-style-1  \"><div class=\"ult-team-member-image\" style=\"border-style:solid;border-width:1px;border-radius:135px;border-color:#ffffff;\"> <img class=\"\" src=\"https:\/\/thispencer.com\/wp-content\/uploads\/2020\/01\/johan2.jpg\" alt=\"null\"  style=\"\"\/><span class=\"ult-team-member-image-overlay ult-team_img_hover\" data-background_clr = \"rgba(16,34,239,0.62)\"><\/span><\/div><div class=\"ult-team-member-bio-wrap style-1 ultimate-heading69e0683f9e157\" style=\"text-align:center;; \"><div class=\"ult-team-member-name-wrap\"><h2 class=\"ult-team-member-name ult-responsive\"  data-ultimate-target='.ult-team-member-bio-wrap.ultimate-heading69e0683f9e157 .ult-team-member-name'  data-responsive-json-new='{\"font-size\":\"\",\"line-height\":\"\"}'  style=\"font-family:Poppins;color:#2a2f4c;\">JOHAN VAN ZUIJLEN<\/h2><div class=\"ult-team-member-position ult-responsive\"  data-ultimate-target='.ult-team-member-bio-wrap.ultimate-heading69e0683f9e157 .ult-team-member-position'  data-responsive-json-new='{\"font-size\":\"\",\"line-height\":\"\"}'  style=\"color:#abafb6;\">DEVELOPMENT &amp; SALES<\/div><div style=\"margin-bottom:15px\"><\/div><\/div><\/div><\/div>\n<\/p>","protected":false},"excerpt":{"rendered":"<p>[vc_row][vc_column][vc_column_text][\/vc_column_text][\/vc_column][\/vc_row][vc_row full_width=&#8221;stretch_row_content&#8221; equal_height=&#8221;yes&#8221; content_placement=&#8221;top&#8221; css=&#8221;.vc_custom_1516891335556{background-position: center !important;background-repeat: no-repeat !important;background-size: cover !important;}&#8221;][vc_column width=&#8221;1\/4&#8243; css=&#8221;.vc_custom_1531742558275{padding-left: 0px !important;background-position: center !important;background-repeat: no-repeat !important;background-size: cover !important;}&#8221; offset=&#8221;vc_hidden-sm vc_hidden-xs&#8221;][vc_single_image image=&#8221;3897&#8243; img_size=&#8221;full&#8221; alignment=&#8221;center&#8221; css_animation=&#8221;fadeInLeft&#8221; css=&#8221;.vc_custom_1575455476806{margin-bottom: 0px !important;}&#8221;][\/vc_column][vc_column width=&#8221;2\/4&#8243;][\/vc_column][vc_column width=&#8221;1\/4&#8243; css=&#8221;.vc_custom_1531742566904{padding-right: 0px !important;}&#8221; offset=&#8221;vc_hidden-sm vc_hidden-xs&#8221;][vc_single_image image=&#8221;3892&#8243; img_size=&#8221;full&#8221; alignment=&#8221;right&#8221; css_animation=&#8221;fadeInRight&#8221; css=&#8221;.vc_custom_1575455486224{margin-bottom: 0px !important;}&#8221;][\/vc_column][\/vc_row][vc_row][vc_column][vc_column_text][\/vc_column_text][\/vc_column][\/vc_row][vc_row full_width=&#8221;stretch_row_content_no_spaces&#8221;][vc_column][vc_text_separator title=&#8221;&#8221; i_icon_fontawesome=&#8221;fa fa-check&#8221; i_color=&#8221;custom&#8221; i_size=&#8221;lg&#8221; color=&#8221;custom&#8221; add_icon=&#8221;true&#8221; i_custom_color=&#8221;#161c3c&#8221; accent_color=&#8221;#eaeaea&#8221;][vc_empty_space height=&#8221;40px&#8221;][\/vc_column][\/vc_row][vc_row<a class=\"blog-read-more\" href=\"https:\/\/thispencer.com\/fr\/de-atlas-sanitation-products\/\"> Read More..<\/a><\/p>\n","protected":false},"author":3,"featured_media":0,"parent":0,"menu_order":0,"comment_status":"closed","ping_status":"closed","template":"","meta":[],"yoast_head":"<!-- This site is optimized with the Yoast SEO plugin v18.1 - https:\/\/yoast.com\/wordpress\/plugins\/seo\/ -->\n<title>Atlas produits de d&#039;assainissement, concepteur, fabricant et grossiste<\/title>\n<meta name=\"description\" content=\"Atlas produits de d&#039;assainissement, concepteur, fabricant et grossiste dans l&#039;industrie de location de toilettes en Europe\" \/>\n<meta name=\"robots\" content=\"index, follow, max-snippet:-1, max-image-preview:large, max-video-preview:-1\" \/>\n<link rel=\"canonical\" href=\"https:\/\/thispencer.com\/fr\/de-atlas-sanitation-products\/\" \/>\n<meta property=\"og:locale\" content=\"fr_FR\" \/>\n<meta property=\"og:type\" content=\"article\" \/>\n<meta property=\"og:title\" content=\"Atlas produits de d&#039;assainissement, concepteur, fabricant et grossiste\" \/>\n<meta property=\"og:description\" content=\"Atlas produits de d&#039;assainissement, concepteur, fabricant et grossiste dans l&#039;industrie de location de toilettes en Europe\" \/>\n<meta property=\"og:url\" content=\"https:\/\/thispencer.com\/fr\/de-atlas-sanitation-products\/\" \/>\n<meta property=\"og:site_name\" content=\"Thispencer, the mobile dispenser unit\" \/>\n<meta property=\"article:modified_time\" content=\"2020-01-06T14:59:19+00:00\" \/>\n<meta name=\"twitter:card\" content=\"summary_large_image\" \/>\n<meta name=\"twitter:label1\" content=\"Dur\u00e9e de lecture estim\u00e9e\" \/>\n\t<meta name=\"twitter:data1\" content=\"7 minutes\" \/>\n<script type=\"application\/ld+json\" class=\"yoast-schema-graph\">{\"@context\":\"https:\/\/schema.org\",\"@graph\":[{\"@type\":\"WebSite\",\"@id\":\"https:\/\/thispencer.com\/nl\/#website\",\"url\":\"https:\/\/thispencer.com\/nl\/\",\"name\":\"Thispencer, the mobile dispenser unit\",\"description\":\"A hygien station for all locations\",\"potentialAction\":[{\"@type\":\"SearchAction\",\"target\":{\"@type\":\"EntryPoint\",\"urlTemplate\":\"https:\/\/thispencer.com\/nl\/?s={search_term_string}\"},\"query-input\":\"required name=search_term_string\"}],\"inLanguage\":\"fr-FR\"},{\"@type\":\"WebPage\",\"@id\":\"https:\/\/thispencer.com\/fr\/de-atlas-sanitation-products\/#webpage\",\"url\":\"https:\/\/thispencer.com\/fr\/de-atlas-sanitation-products\/\",\"name\":\"Atlas produits de d'assainissement, concepteur, fabricant et grossiste\",\"isPartOf\":{\"@id\":\"https:\/\/thispencer.com\/nl\/#website\"},\"datePublished\":\"2020-01-02T15:06:11+00:00\",\"dateModified\":\"2020-01-06T14:59:19+00:00\",\"description\":\"Atlas produits de d'assainissement, concepteur, fabricant et grossiste dans l'industrie de location de toilettes en Europe\",\"breadcrumb\":{\"@id\":\"https:\/\/thispencer.com\/fr\/de-atlas-sanitation-products\/#breadcrumb\"},\"inLanguage\":\"fr-FR\",\"potentialAction\":[{\"@type\":\"ReadAction\",\"target\":[\"https:\/\/thispencer.com\/fr\/de-atlas-sanitation-products\/\"]}]},{\"@type\":\"BreadcrumbList\",\"@id\":\"https:\/\/thispencer.com\/fr\/de-atlas-sanitation-products\/#breadcrumb\",\"itemListElement\":[{\"@type\":\"ListItem\",\"position\":1,\"name\":\"Home\",\"item\":\"https:\/\/thispencer.com\/fr\/\"},{\"@type\":\"ListItem\",\"position\":2,\"name\":\"\"}]}]}<\/script>\n<!-- \/ Yoast SEO plugin. -->","yoast_head_json":{"title":"Atlas produits de d'assainissement, concepteur, fabricant et grossiste","description":"Atlas produits de d'assainissement, concepteur, fabricant et grossiste dans l'industrie de location de toilettes en Europe","robots":{"index":"index","follow":"follow","max-snippet":"max-snippet:-1","max-image-preview":"max-image-preview:large","max-video-preview":"max-video-preview:-1"},"canonical":"https:\/\/thispencer.com\/fr\/de-atlas-sanitation-products\/","og_locale":"fr_FR","og_type":"article","og_title":"Atlas produits de d'assainissement, concepteur, fabricant et grossiste","og_description":"Atlas produits de d'assainissement, concepteur, fabricant et grossiste dans l'industrie de location de toilettes en Europe","og_url":"https:\/\/thispencer.com\/fr\/de-atlas-sanitation-products\/","og_site_name":"Thispencer, the mobile dispenser unit","article_modified_time":"2020-01-06T14:59:19+00:00","twitter_card":"summary_large_image","twitter_misc":{"Dur\u00e9e de lecture estim\u00e9e":"7 minutes"},"schema":{"@context":"https:\/\/schema.org","@graph":[{"@type":"WebSite","@id":"https:\/\/thispencer.com\/nl\/#website","url":"https:\/\/thispencer.com\/nl\/","name":"Thispencer, the mobile dispenser unit","description":"A hygien station for all locations","potentialAction":[{"@type":"SearchAction","target":{"@type":"EntryPoint","urlTemplate":"https:\/\/thispencer.com\/nl\/?s={search_term_string}"},"query-input":"required name=search_term_string"}],"inLanguage":"fr-FR"},{"@type":"WebPage","@id":"https:\/\/thispencer.com\/fr\/de-atlas-sanitation-products\/#webpage","url":"https:\/\/thispencer.com\/fr\/de-atlas-sanitation-products\/","name":"Atlas produits de d'assainissement, concepteur, fabricant et grossiste","isPartOf":{"@id":"https:\/\/thispencer.com\/nl\/#website"},"datePublished":"2020-01-02T15:06:11+00:00","dateModified":"2020-01-06T14:59:19+00:00","description":"Atlas produits de d'assainissement, concepteur, fabricant et grossiste dans l'industrie de location de toilettes en Europe","breadcrumb":{"@id":"https:\/\/thispencer.com\/fr\/de-atlas-sanitation-products\/#breadcrumb"},"inLanguage":"fr-FR","potentialAction":[{"@type":"ReadAction","target":["https:\/\/thispencer.com\/fr\/de-atlas-sanitation-products\/"]}]},{"@type":"BreadcrumbList","@id":"https:\/\/thispencer.com\/fr\/de-atlas-sanitation-products\/#breadcrumb","itemListElement":[{"@type":"ListItem","position":1,"name":"Home","item":"https:\/\/thispencer.com\/fr\/"},{"@type":"ListItem","position":2,"name":""}]}]}},"_links":{"self":[{"href":"https:\/\/thispencer.com\/fr\/wp-json\/wp\/v2\/pages\/4133"}],"collection":[{"href":"https:\/\/thispencer.com\/fr\/wp-json\/wp\/v2\/pages"}],"about":[{"href":"https:\/\/thispencer.com\/fr\/wp-json\/wp\/v2\/types\/page"}],"author":[{"embeddable":true,"href":"https:\/\/thispencer.com\/fr\/wp-json\/wp\/v2\/users\/3"}],"replies":[{"embeddable":true,"href":"https:\/\/thispencer.com\/fr\/wp-json\/wp\/v2\/comments?post=4133"}],"version-history":[{"count":17,"href":"https:\/\/thispencer.com\/fr\/wp-json\/wp\/v2\/pages\/4133\/revisions"}],"predecessor-version":[{"id":4482,"href":"https:\/\/thispencer.com\/fr\/wp-json\/wp\/v2\/pages\/4133\/revisions\/4482"}],"wp:attachment":[{"href":"https:\/\/thispencer.com\/fr\/wp-json\/wp\/v2\/media?parent=4133"}],"curies":[{"name":"wp","href":"https:\/\/api.w.org\/{rel}","templated":true}]}}