{"id":4166,"date":"2018-01-25T13:37:20","date_gmt":"2018-01-25T13:37:20","guid":{"rendered":"https:\/\/thispencer.com\/?page_id=4166"},"modified":"2020-07-27T13:01:49","modified_gmt":"2020-07-27T13:01:49","slug":"atlas-productos-de-saneamente","status":"publish","type":"page","link":"https:\/\/thispencer.com\/es\/atlas-productos-de-saneamente\/","title":{"rendered":"De Atlas Sanitation Products BV"},"content":{"rendered":"<p>[vc_row][vc_column][vc_column_text][\/vc_column_text][\/vc_column][\/vc_row][vc_row full_width=&#8221;stretch_row_content&#8221; equal_height=&#8221;yes&#8221; content_placement=&#8221;top&#8221; css=&#8221;.vc_custom_1516891335556{background-position: center !important;background-repeat: no-repeat !important;background-size: cover !important;}&#8221;][vc_column width=&#8221;1\/4&#8243; css=&#8221;.vc_custom_1531742558275{padding-left: 0px !important;background-position: center !important;background-repeat: no-repeat !important;background-size: cover !important;}&#8221; offset=&#8221;vc_hidden-sm vc_hidden-xs&#8221;][vc_single_image image=&#8221;5672&#8243; img_size=&#8221;full&#8221; alignment=&#8221;center&#8221; css_animation=&#8221;fadeInLeft&#8221; css=&#8221;.vc_custom_1595831571203{margin-bottom: 0px !important;}&#8221;][\/vc_column][vc_column width=&#8221;2\/4&#8243;]<div id=\"ze-vc-element-8294\" class=\"ze-vc-custom-title clearfix  hide-in-mobile\" style=\"text-align:center\"><div class=\"print-world-info-wrapper icon-align-top\"><div class=\"ze-vc-custom-title-container \"><h4 id=\"ze-vc-title-7630\" class=\"ze-vc-responsive ze-title\" style=\"font-family:Roboto;font-weight:300;font-style:normal;color:#c1c1c1;;letter-spacing:-15px;\"  data-json-responsive=\"desktop:150px;tablet:115px;tablet-landscape:115px;mobile:100px;mobile-landscape:100px\">Atlas Sanitation Products B.V.<\/h4><\/div><\/div><\/div><div id=\"ze-vc-element-4546\" class=\"ze-vc-custom-title clearfix \" style=\"text-align:center\"><div class=\"print-world-info-wrapper icon-align-top\"><div class=\"ze-vc-custom-title-container \"><h4 id=\"ze-vc-title-3391\" class=\"ze-vc-responsive ze-title\" style=\"font-family:Roboto;font-weight:300;font-style:normal;color:#1c2746;;\"  data-json-responsive=\"desktop:40px;tablet:10;tablet-landscape:10;mobile:5;mobile-landscape:5\"><span style=\"font-weight: 600;\">PROVEEDOR TOTAL<\/span> PARA EMPRESAS DE ALQUILER<\/h4><\/div><div class=\"ze-vc-custom-subtitle-container\"><h3 id=\"ze-vc-subtitle-1233\" class=\"ze-vc-responsive\"  style=\"font-family:Roboto;font-weight:500;font-style:normal;color:#1c2746;;\" data-json-responsive=\"desktop:13px;tablet:10;tablet-landscape:10;mobile:5;mobile-landscape:5\">ENV\u00cdO A NIVEL MUNDIAL <\/h3><\/div><\/div><\/div>[\/vc_column][vc_column width=&#8221;1\/4&#8243; css=&#8221;.vc_custom_1531742566904{padding-right: 0px !important;}&#8221; offset=&#8221;vc_hidden-sm vc_hidden-xs&#8221;][vc_single_image image=&#8221;5678&#8243; img_size=&#8221;full&#8221; alignment=&#8221;right&#8221; css_animation=&#8221;fadeInRight&#8221; css=&#8221;.vc_custom_1595831596571{margin-bottom: 0px !important;}&#8221;][\/vc_column][\/vc_row][vc_row][vc_column][vc_column_text][\/vc_column_text][\/vc_column][\/vc_row][vc_row full_width=&#8221;stretch_row_content_no_spaces&#8221;][vc_column][vc_text_separator title=&#8221;&#8221; i_icon_fontawesome=&#8221;fa fa-check&#8221; i_color=&#8221;custom&#8221; i_size=&#8221;lg&#8221; color=&#8221;custom&#8221; add_icon=&#8221;true&#8221; i_custom_color=&#8221;#161c3c&#8221; accent_color=&#8221;#eaeaea&#8221;][vc_empty_space height=&#8221;40px&#8221;][\/vc_column][\/vc_row][vc_row full_width=&#8221;stretch_row&#8221; parallax=&#8221;content-moving-fade&#8221; parallax_image=&#8221;3571&#8243; css=&#8221;.vc_custom_1575461403849{background-color: #f9f9f9 !important;}&#8221;][vc_column css=&#8221;.vc_custom_1575461134659{padding-top: 0px !important;}&#8221;][vc_row_inner content_placement=&#8221;bottom&#8221; css=&#8221;.vc_custom_1575459442099{background-position: center !important;background-repeat: no-repeat !important;background-size: cover !important;}&#8221; el_class=&#8221;parallax-bg&#8221;][vc_column_inner width=&#8221;1\/2&#8243;][\/vc_column_inner][vc_column_inner width=&#8221;1\/2&#8243;][vc_empty_space height=&#8221;150px&#8221;]<div id=\"ze-vc-element-1490\" class=\"ze-vc-custom-title clearfix \" style=\"text-align:left\"><div class=\"print-world-info-wrapper icon-align-top\"><div class=\"ze-vc-custom-title-container \"><h6 id=\"ze-vc-title-1549\" class=\"ze-vc-responsive ze-title\" style=\"font-family:Roboto;font-weight:300;font-style:normal;color:#ffffff;;\"  data-json-responsive=\"desktop:40px;tablet:10;tablet-landscape:10;mobile:5;mobile-landscape:5\"><span style=\"font-weight: 600;\">PLUTO URINAL<\/span> RANGE<\/h6><\/div><div class=\"ze-vc-custom-subtitle-container\"><h3 id=\"ze-vc-subtitle-5414\" class=\"ze-vc-responsive\"  style=\"font-family:Roboto;font-weight:500;font-style:normal;color:#ffffff;;letter-spacing:2px;\" data-json-responsive=\"desktop:13px;tablet:10;tablet-landscape:10;mobile:5;mobile-landscape:5\">URINALS FOR EVENTS AND CITY CENTERS <br \/>\nMADE IN HOLLAND<\/h3><\/div><\/div><\/div>[vc_empty_space height=&#8221;150px&#8221;][\/vc_column_inner][\/vc_row_inner][\/vc_column][\/vc_row][vc_row equal_height=&#8221;yes&#8221; content_placement=&#8221;middle&#8221;][vc_column width=&#8221;7\/12&#8243;][vc_row_inner equal_height=&#8221;yes&#8221; content_placement=&#8221;middle&#8221;][vc_column_inner width=&#8221;3\/12&#8243;][vc_single_image image=&#8221;3910&#8243; img_size=&#8221;full&#8221; css=&#8221;.vc_custom_1575457162925{margin-bottom: 0px !important;}&#8221;][\/vc_column_inner][vc_column_inner width=&#8221;1\/12&#8243;][\/vc_column_inner][vc_column_inner width=&#8221;8\/12&#8243;]<div id=\"ze-vc-element-9276\" class=\"ze-vc-custom-title clearfix \" style=\"text-align:left\"><div class=\"print-world-info-wrapper icon-align-top\"><div class=\"ze-vc-custom-title-container \"><h6 id=\"ze-vc-title-4138\" class=\"ze-vc-responsive ze-title\" style=\"font-family:Source Sans Pro;font-weight:400;font-style:normal;color:#1d2341;;letter-spacing:6px;\"  data-json-responsive=\"desktop:30px;tablet:20px;tablet-landscape:20px;mobile:20px;mobile-landscape:20px\">LA M\u00c1S ALTA CALIDAD A LOS MEJORES PRECIOS<\/h6><\/div><\/div><\/div><div id=\"ze-vc-element-6915\" class=\"ze-vc-custom-title clearfix \" style=\"text-align:left\"><div class=\"print-world-info-wrapper icon-align-top\"><div class=\"ze-vc-custom-title-container \"><h6 id=\"ze-vc-title-3128\" class=\"ze-vc-responsive ze-title\" style=\"font-family:Roboto;font-weight:400;font-style:normal;color:#575c6f;;letter-spacing:2px;line-height:1.7em;\"  data-json-responsive=\"desktop:13px;tablet:13px;tablet-landscape:13px;mobile:13px;mobile-landscape:13px\">DISE\u00d1AMOS Y FABRICAMOS URINALES, UNIDADES DE LAVADO A MANO, TANQUES DE DESECHO Y PIEZAS. ESTO COMBINADO CON LA DISTRIBUCI\u00d3N EUROPEA DE DESODORANTES WALEX NOS PERMITE SER UN PROVEEDOR TOTAL PARA LAS COMPA\u00d1\u00cdAS EUROPEAS DE ALQUILER DE INODOROS.<\/h6><\/div><\/div><\/div>[\/vc_column_inner][\/vc_row_inner][\/vc_column][vc_column width=&#8221;5\/12&#8243;][vc_row_inner][vc_column_inner width=&#8221;1\/4&#8243;][\/vc_column_inner][vc_column_inner width=&#8221;3\/4&#8243;]<div id=\"ze-vc-element-3653\" class=\"ze-vc-custom-title clearfix \" style=\"text-align:left\"><div class=\"print-world-info-wrapper icon-align-top\"><div class=\"ze-vc-custom-title-container \"><h6 id=\"ze-vc-title-1129\" class=\"ze-vc-responsive ze-title\" style=\"font-family:Roboto;font-weight:400;font-style:normal;color:#1d2341;;letter-spacing:6px;\"  data-json-responsive=\"desktop:20px;tablet:16px;tablet-landscape:16px;mobile:14px;mobile-landscape:14px\">SINCE<\/h6><\/div><\/div><\/div>[vc_custom_heading text=&#8221;1996&#8243; font_container=&#8221;tag:p|font_size:130px|text_align:left|color:%23161b3c|line_height:108px&#8221; google_fonts=&#8221;font_family:Source%20Sans%20Pro%3A200%2C200italic%2C300%2C300italic%2Cregular%2Citalic%2C600%2C600italic%2C700%2C700italic%2C900%2C900italic|font_style:400%20regular%3A400%3Anormal&#8221;]<div id=\"ze-vc-element-3609\" class=\"ze-vc-custom-title clearfix \" style=\"text-align:left\"><div class=\"print-world-info-wrapper icon-align-top\"><div class=\"ze-vc-custom-title-container \"><h6 id=\"ze-vc-title-6091\" class=\"ze-vc-responsive ze-title\" style=\"font-family:Roboto;font-weight:400;font-style:normal;color:#a5a5a5;;letter-spacing:2px;line-height:1.5em;\"  data-json-responsive=\"desktop:13px;tablet:13px;tablet-landscape:13px;mobile:13px;mobile-landscape:13px\">DESIGNER, MANUFACTORER AND WHOLSALER IN THE TOILET RENTAL INDUSTRY <\/h6><\/div><\/div><\/div>[\/vc_column_inner][\/vc_row_inner][\/vc_column][\/vc_row][vc_row][vc_column][vc_empty_space height=&#8221;100px&#8221;][\/vc_column][\/vc_row]<\/p>\n","protected":false},"excerpt":{"rendered":"<p>[vc_row][vc_column][vc_column_text][\/vc_column_text][\/vc_column][\/vc_row][vc_row full_width=&#8221;stretch_row_content&#8221; equal_height=&#8221;yes&#8221; content_placement=&#8221;top&#8221; css=&#8221;.vc_custom_1516891335556{background-position: center !important;background-repeat: no-repeat !important;background-size: cover !important;}&#8221;][vc_column width=&#8221;1\/4&#8243; css=&#8221;.vc_custom_1531742558275{padding-left: 0px !important;background-position: center !important;background-repeat: no-repeat !important;background-size: cover !important;}&#8221; offset=&#8221;vc_hidden-sm vc_hidden-xs&#8221;][vc_single_image image=&#8221;5672&#8243; img_size=&#8221;full&#8221; alignment=&#8221;center&#8221; css_animation=&#8221;fadeInLeft&#8221; css=&#8221;.vc_custom_1595831571203{margin-bottom: 0px !important;}&#8221;][\/vc_column][vc_column width=&#8221;2\/4&#8243;][\/vc_column][vc_column width=&#8221;1\/4&#8243; css=&#8221;.vc_custom_1531742566904{padding-right: 0px !important;}&#8221; offset=&#8221;vc_hidden-sm vc_hidden-xs&#8221;][vc_single_image image=&#8221;5678&#8243; img_size=&#8221;full&#8221; alignment=&#8221;right&#8221; css_animation=&#8221;fadeInRight&#8221; css=&#8221;.vc_custom_1595831596571{margin-bottom: 0px !important;}&#8221;][\/vc_column][\/vc_row][vc_row][vc_column][vc_column_text][\/vc_column_text][\/vc_column][\/vc_row][vc_row full_width=&#8221;stretch_row_content_no_spaces&#8221;][vc_column][vc_text_separator title=&#8221;&#8221; i_icon_fontawesome=&#8221;fa fa-check&#8221; i_color=&#8221;custom&#8221; i_size=&#8221;lg&#8221; color=&#8221;custom&#8221; add_icon=&#8221;true&#8221; i_custom_color=&#8221;#161c3c&#8221; accent_color=&#8221;#eaeaea&#8221;][vc_empty_space height=&#8221;40px&#8221;][\/vc_column][\/vc_row][vc_row<a class=\"blog-read-more\" href=\"https:\/\/thispencer.com\/es\/atlas-productos-de-saneamente\/\"> Read More..<\/a><\/p>\n","protected":false},"author":1,"featured_media":0,"parent":0,"menu_order":0,"comment_status":"closed","ping_status":"closed","template":"","meta":[],"yoast_head":"<!-- This site is optimized with the Yoast SEO plugin v18.1 - https:\/\/yoast.com\/wordpress\/plugins\/seo\/ -->\n<title>About Atlas Sanitation Products, the producer of Pluto urinals<\/title>\n<meta name=\"description\" content=\"About Atlas Sanitation Products, the producer of Pluto urinals, hand wash units and spare parts for toilet rental companies.\" \/>\n<meta name=\"robots\" content=\"index, follow, max-snippet:-1, max-image-preview:large, max-video-preview:-1\" \/>\n<link rel=\"canonical\" href=\"https:\/\/thispencer.com\/es\/atlas-productos-de-saneamente\/\" \/>\n<meta property=\"og:locale\" content=\"es_ES\" \/>\n<meta property=\"og:type\" content=\"article\" \/>\n<meta property=\"og:title\" content=\"About Atlas Sanitation Products, the producer of Pluto urinals\" \/>\n<meta property=\"og:description\" content=\"About Atlas Sanitation Products, the producer of Pluto urinals, hand wash units and spare parts for toilet rental companies.\" \/>\n<meta property=\"og:url\" content=\"https:\/\/thispencer.com\/es\/atlas-productos-de-saneamente\/\" \/>\n<meta property=\"og:site_name\" content=\"Thispencer, the mobile dispenser unit\" \/>\n<meta property=\"article:modified_time\" content=\"2020-07-27T13:01:49+00:00\" \/>\n<meta name=\"twitter:card\" content=\"summary_large_image\" \/>\n<meta name=\"twitter:label1\" content=\"Tiempo de lectura\" \/>\n\t<meta name=\"twitter:data1\" content=\"6 minutos\" \/>\n<script type=\"application\/ld+json\" class=\"yoast-schema-graph\">{\"@context\":\"https:\/\/schema.org\",\"@graph\":[{\"@type\":\"WebSite\",\"@id\":\"https:\/\/thispencer.com\/nl\/#website\",\"url\":\"https:\/\/thispencer.com\/nl\/\",\"name\":\"Thispencer, the mobile dispenser unit\",\"description\":\"A hygien station for all locations\",\"potentialAction\":[{\"@type\":\"SearchAction\",\"target\":{\"@type\":\"EntryPoint\",\"urlTemplate\":\"https:\/\/thispencer.com\/nl\/?s={search_term_string}\"},\"query-input\":\"required name=search_term_string\"}],\"inLanguage\":\"es\"},{\"@type\":\"WebPage\",\"@id\":\"https:\/\/thispencer.com\/es\/atlas-productos-de-saneamente\/#webpage\",\"url\":\"https:\/\/thispencer.com\/es\/atlas-productos-de-saneamente\/\",\"name\":\"About Atlas Sanitation Products, the producer of Pluto urinals\",\"isPartOf\":{\"@id\":\"https:\/\/thispencer.com\/nl\/#website\"},\"datePublished\":\"2018-01-25T13:37:20+00:00\",\"dateModified\":\"2020-07-27T13:01:49+00:00\",\"description\":\"About Atlas Sanitation Products, the producer of Pluto urinals, hand wash units and spare parts for toilet rental companies.\",\"breadcrumb\":{\"@id\":\"https:\/\/thispencer.com\/es\/atlas-productos-de-saneamente\/#breadcrumb\"},\"inLanguage\":\"es\",\"potentialAction\":[{\"@type\":\"ReadAction\",\"target\":[\"https:\/\/thispencer.com\/es\/atlas-productos-de-saneamente\/\"]}]},{\"@type\":\"BreadcrumbList\",\"@id\":\"https:\/\/thispencer.com\/es\/atlas-productos-de-saneamente\/#breadcrumb\",\"itemListElement\":[{\"@type\":\"ListItem\",\"position\":1,\"name\":\"Home\",\"item\":\"https:\/\/thispencer.com\/es\/\"},{\"@type\":\"ListItem\",\"position\":2,\"name\":\"De Atlas Sanitation Products BV\"}]}]}<\/script>\n<!-- \/ Yoast SEO plugin. -->","yoast_head_json":{"title":"About Atlas Sanitation Products, the producer of Pluto urinals","description":"About Atlas Sanitation Products, the producer of Pluto urinals, hand wash units and spare parts for toilet rental companies.","robots":{"index":"index","follow":"follow","max-snippet":"max-snippet:-1","max-image-preview":"max-image-preview:large","max-video-preview":"max-video-preview:-1"},"canonical":"https:\/\/thispencer.com\/es\/atlas-productos-de-saneamente\/","og_locale":"es_ES","og_type":"article","og_title":"About Atlas Sanitation Products, the producer of Pluto urinals","og_description":"About Atlas Sanitation Products, the producer of Pluto urinals, hand wash units and spare parts for toilet rental companies.","og_url":"https:\/\/thispencer.com\/es\/atlas-productos-de-saneamente\/","og_site_name":"Thispencer, the mobile dispenser unit","article_modified_time":"2020-07-27T13:01:49+00:00","twitter_card":"summary_large_image","twitter_misc":{"Tiempo de lectura":"6 minutos"},"schema":{"@context":"https:\/\/schema.org","@graph":[{"@type":"WebSite","@id":"https:\/\/thispencer.com\/nl\/#website","url":"https:\/\/thispencer.com\/nl\/","name":"Thispencer, the mobile dispenser unit","description":"A hygien station for all locations","potentialAction":[{"@type":"SearchAction","target":{"@type":"EntryPoint","urlTemplate":"https:\/\/thispencer.com\/nl\/?s={search_term_string}"},"query-input":"required name=search_term_string"}],"inLanguage":"es"},{"@type":"WebPage","@id":"https:\/\/thispencer.com\/es\/atlas-productos-de-saneamente\/#webpage","url":"https:\/\/thispencer.com\/es\/atlas-productos-de-saneamente\/","name":"About Atlas Sanitation Products, the producer of Pluto urinals","isPartOf":{"@id":"https:\/\/thispencer.com\/nl\/#website"},"datePublished":"2018-01-25T13:37:20+00:00","dateModified":"2020-07-27T13:01:49+00:00","description":"About Atlas Sanitation Products, the producer of Pluto urinals, hand wash units and spare parts for toilet rental companies.","breadcrumb":{"@id":"https:\/\/thispencer.com\/es\/atlas-productos-de-saneamente\/#breadcrumb"},"inLanguage":"es","potentialAction":[{"@type":"ReadAction","target":["https:\/\/thispencer.com\/es\/atlas-productos-de-saneamente\/"]}]},{"@type":"BreadcrumbList","@id":"https:\/\/thispencer.com\/es\/atlas-productos-de-saneamente\/#breadcrumb","itemListElement":[{"@type":"ListItem","position":1,"name":"Home","item":"https:\/\/thispencer.com\/es\/"},{"@type":"ListItem","position":2,"name":"De Atlas Sanitation Products BV"}]}]}},"_links":{"self":[{"href":"https:\/\/thispencer.com\/es\/wp-json\/wp\/v2\/pages\/4166"}],"collection":[{"href":"https:\/\/thispencer.com\/es\/wp-json\/wp\/v2\/pages"}],"about":[{"href":"https:\/\/thispencer.com\/es\/wp-json\/wp\/v2\/types\/page"}],"author":[{"embeddable":true,"href":"https:\/\/thispencer.com\/es\/wp-json\/wp\/v2\/users\/1"}],"replies":[{"embeddable":true,"href":"https:\/\/thispencer.com\/es\/wp-json\/wp\/v2\/comments?post=4166"}],"version-history":[{"count":29,"href":"https:\/\/thispencer.com\/es\/wp-json\/wp\/v2\/pages\/4166\/revisions"}],"predecessor-version":[{"id":5827,"href":"https:\/\/thispencer.com\/es\/wp-json\/wp\/v2\/pages\/4166\/revisions\/5827"}],"wp:attachment":[{"href":"https:\/\/thispencer.com\/es\/wp-json\/wp\/v2\/media?parent=4166"}],"curies":[{"name":"wp","href":"https:\/\/api.w.org\/{rel}","templated":true}]}}