{"id":4153,"date":"2018-01-25T13:37:20","date_gmt":"2018-01-25T13:37:20","guid":{"rendered":"https:\/\/thispencer.com\/?page_id=4153"},"modified":"2020-07-27T12:59:59","modified_gmt":"2020-07-27T12:59:59","slug":"ueber-atlas-sanitation-products","status":"publish","type":"page","link":"https:\/\/thispencer.com\/de\/ueber-atlas-sanitation-products\/","title":{"rendered":"\u00dcber Atlas Sanitation Products BV"},"content":{"rendered":"<p>[vc_row][vc_column][vc_column_text][\/vc_column_text][\/vc_column][\/vc_row][vc_row full_width=&#8221;stretch_row_content&#8221; equal_height=&#8221;yes&#8221; content_placement=&#8221;top&#8221; css=&#8221;.vc_custom_1516891335556{background-position: center !important;background-repeat: no-repeat !important;background-size: cover !important;}&#8221;][vc_column width=&#8221;1\/4&#8243; css=&#8221;.vc_custom_1531742558275{padding-left: 0px !important;background-position: center !important;background-repeat: no-repeat !important;background-size: cover !important;}&#8221; offset=&#8221;vc_hidden-sm vc_hidden-xs&#8221;][vc_single_image image=&#8221;5670&#8243; img_size=&#8221;full&#8221; alignment=&#8221;center&#8221; css_animation=&#8221;fadeInLeft&#8221; css=&#8221;.vc_custom_1595831571203{margin-bottom: 0px !important;}&#8221;][\/vc_column][vc_column width=&#8221;2\/4&#8243;]<div id=\"ze-vc-element-5901\" class=\"ze-vc-custom-title clearfix  hide-in-mobile\" style=\"text-align:center\"><div class=\"print-world-info-wrapper icon-align-top\"><div class=\"ze-vc-custom-title-container \"><h4 id=\"ze-vc-title-5592\" class=\"ze-vc-responsive ze-title\" style=\"font-family:Roboto;font-weight:300;font-style:normal;color:#c1c1c1;;letter-spacing:-15px;\"  data-json-responsive=\"desktop:150px;tablet:115px;tablet-landscape:115px;mobile:100px;mobile-landscape:100px\">Atlas Sanitation Products B.V.<\/h4><\/div><\/div><\/div><div id=\"ze-vc-element-8122\" class=\"ze-vc-custom-title clearfix \" style=\"text-align:center\"><div class=\"print-world-info-wrapper icon-align-top\"><div class=\"ze-vc-custom-title-container \"><h4 id=\"ze-vc-title-8767\" class=\"ze-vc-responsive ze-title\" style=\"font-family:Roboto;font-weight:300;font-style:normal;color:#1c2746;;\"  data-json-responsive=\"desktop:40px;tablet:10;tablet-landscape:10;mobile:5;mobile-landscape:5\"><span style=\"font-weight: 600;\">GESAMTANBIETER<\/span> F\u00dcR WC-VERMIETER<\/h4><\/div><div class=\"ze-vc-custom-subtitle-container\"><h3 id=\"ze-vc-subtitle-7236\" class=\"ze-vc-responsive\"  style=\"font-family:Roboto;font-weight:500;font-style:normal;color:#1c2746;;\" data-json-responsive=\"desktop:13px;tablet:10;tablet-landscape:10;mobile:5;mobile-landscape:5\">WELTWEITER VERSAND<\/h3><\/div><\/div><\/div>[\/vc_column][vc_column width=&#8221;1\/4&#8243; css=&#8221;.vc_custom_1531742566904{padding-right: 0px !important;}&#8221; offset=&#8221;vc_hidden-sm vc_hidden-xs&#8221;][vc_single_image image=&#8221;5676&#8243; img_size=&#8221;full&#8221; alignment=&#8221;right&#8221; css_animation=&#8221;fadeInRight&#8221; css=&#8221;.vc_custom_1595831596571{margin-bottom: 0px !important;}&#8221;][\/vc_column][\/vc_row][vc_row][vc_column][vc_column_text][\/vc_column_text][\/vc_column][\/vc_row][vc_row full_width=&#8221;stretch_row_content_no_spaces&#8221;][vc_column][vc_text_separator title=&#8221;&#8221; i_icon_fontawesome=&#8221;fa fa-check&#8221; i_color=&#8221;custom&#8221; i_size=&#8221;lg&#8221; color=&#8221;custom&#8221; add_icon=&#8221;true&#8221; i_custom_color=&#8221;#161c3c&#8221; accent_color=&#8221;#eaeaea&#8221;][vc_empty_space height=&#8221;40px&#8221;][\/vc_column][\/vc_row][vc_row full_width=&#8221;stretch_row&#8221; parallax=&#8221;content-moving-fade&#8221; parallax_image=&#8221;3571&#8243; css=&#8221;.vc_custom_1575461403849{background-color: #f9f9f9 !important;}&#8221;][vc_column css=&#8221;.vc_custom_1575461134659{padding-top: 0px !important;}&#8221;][vc_row_inner content_placement=&#8221;bottom&#8221; css=&#8221;.vc_custom_1575459442099{background-position: center !important;background-repeat: no-repeat !important;background-size: cover !important;}&#8221; el_class=&#8221;parallax-bg&#8221;][vc_column_inner width=&#8221;1\/2&#8243;][\/vc_column_inner][vc_column_inner width=&#8221;1\/2&#8243;][vc_empty_space height=&#8221;150px&#8221;]<div id=\"ze-vc-element-3433\" class=\"ze-vc-custom-title clearfix \" style=\"text-align:left\"><div class=\"print-world-info-wrapper icon-align-top\"><div class=\"ze-vc-custom-title-container \"><h6 id=\"ze-vc-title-3253\" class=\"ze-vc-responsive ze-title\" style=\"font-family:Roboto;font-weight:300;font-style:normal;color:#ffffff;;\"  data-json-responsive=\"desktop:40px;tablet:10;tablet-landscape:10;mobile:5;mobile-landscape:5\"><span style=\"font-weight: 600;\">PLUTO URINAL<\/span> RANGE<\/h6><\/div><div class=\"ze-vc-custom-subtitle-container\"><h3 id=\"ze-vc-subtitle-8537\" class=\"ze-vc-responsive\"  style=\"font-family:Roboto;font-weight:500;font-style:normal;color:#ffffff;;letter-spacing:2px;\" data-json-responsive=\"desktop:13px;tablet:10;tablet-landscape:10;mobile:5;mobile-landscape:5\">URINALS FOR EVENTS AND CITY CENTERS <br \/>\nMADE IN HOLLAND<\/h3><\/div><\/div><\/div>[vc_empty_space height=&#8221;150px&#8221;][\/vc_column_inner][\/vc_row_inner][\/vc_column][\/vc_row][vc_row equal_height=&#8221;yes&#8221; content_placement=&#8221;middle&#8221;][vc_column width=&#8221;7\/12&#8243;][vc_row_inner equal_height=&#8221;yes&#8221; content_placement=&#8221;middle&#8221;][vc_column_inner width=&#8221;3\/12&#8243;][vc_single_image image=&#8221;3908&#8243; img_size=&#8221;full&#8221; css=&#8221;.vc_custom_1575457162925{margin-bottom: 0px !important;}&#8221;][\/vc_column_inner][vc_column_inner width=&#8221;1\/12&#8243;][\/vc_column_inner][vc_column_inner width=&#8221;8\/12&#8243;]<div id=\"ze-vc-element-8322\" class=\"ze-vc-custom-title clearfix \" style=\"text-align:left\"><div class=\"print-world-info-wrapper icon-align-top\"><div class=\"ze-vc-custom-title-container \"><h6 id=\"ze-vc-title-7631\" class=\"ze-vc-responsive ze-title\" style=\"font-family:Source Sans Pro;font-weight:400;font-style:normal;color:#1d2341;;letter-spacing:6px;\"  data-json-responsive=\"desktop:30px;tablet:20px;tablet-landscape:20px;mobile:20px;mobile-landscape:20px\">DIE H\u00d6CHSTE QUALIT\u00c4T ZU DEN BESTEN PREISEN<\/h6><\/div><\/div><\/div><div id=\"ze-vc-element-6764\" class=\"ze-vc-custom-title clearfix \" style=\"text-align:left\"><div class=\"print-world-info-wrapper icon-align-top\"><div class=\"ze-vc-custom-title-container \"><h6 id=\"ze-vc-title-1111\" class=\"ze-vc-responsive ze-title\" style=\"font-family:Roboto;font-weight:400;font-style:normal;color:#575c6f;;letter-spacing:2px;line-height:1.7em;\"  data-json-responsive=\"desktop:13px;tablet:13px;tablet-landscape:13px;mobile:13px;mobile-landscape:13px\">WIR ENTWURFEN UND HERSTELLEN URINALE, HANDWASCHGER\u00c4TE, ABFALLBEH\u00c4LTER UND TEILE.DIES IN KOMBINATION MIT DER EUROP\u00c4ISCHEN VERTEILUNG VON WALEX DEODORANTEN ERM\u00d6GLICHT ES UNS, EIN TOTALER LIEFRANT F\u00dcR EUROP\u00c4ISCHE TOELTTENVERMIETER ZU SEIN.<\/h6><\/div><\/div><\/div>[\/vc_column_inner][\/vc_row_inner][\/vc_column][vc_column width=&#8221;5\/12&#8243;][vc_row_inner][vc_column_inner width=&#8221;1\/4&#8243;][\/vc_column_inner][vc_column_inner width=&#8221;3\/4&#8243;]<div id=\"ze-vc-element-2079\" class=\"ze-vc-custom-title clearfix \" style=\"text-align:left\"><div class=\"print-world-info-wrapper icon-align-top\"><div class=\"ze-vc-custom-title-container \"><h6 id=\"ze-vc-title-3198\" class=\"ze-vc-responsive ze-title\" style=\"font-family:Roboto;font-weight:400;font-style:normal;color:#1d2341;;letter-spacing:6px;\"  data-json-responsive=\"desktop:20px;tablet:16px;tablet-landscape:16px;mobile:14px;mobile-landscape:14px\">SINCE<\/h6><\/div><\/div><\/div>[vc_custom_heading text=&#8221;1996&#8243; font_container=&#8221;tag:p|font_size:130px|text_align:left|color:%23161b3c|line_height:108px&#8221; google_fonts=&#8221;font_family:Source%20Sans%20Pro%3A200%2C200italic%2C300%2C300italic%2Cregular%2Citalic%2C600%2C600italic%2C700%2C700italic%2C900%2C900italic|font_style:400%20regular%3A400%3Anormal&#8221;]<div id=\"ze-vc-element-1622\" class=\"ze-vc-custom-title clearfix \" style=\"text-align:left\"><div class=\"print-world-info-wrapper icon-align-top\"><div class=\"ze-vc-custom-title-container \"><h6 id=\"ze-vc-title-3515\" class=\"ze-vc-responsive ze-title\" style=\"font-family:Roboto;font-weight:400;font-style:normal;color:#a5a5a5;;letter-spacing:2px;line-height:1.5em;\"  data-json-responsive=\"desktop:13px;tablet:13px;tablet-landscape:13px;mobile:13px;mobile-landscape:13px\">DESIGNER, MANUFACTORER AND WHOLSALER IN THE TOILET RENTAL INDUSTRY <\/h6><\/div><\/div><\/div>[\/vc_column_inner][\/vc_row_inner][\/vc_column][\/vc_row][vc_row][vc_column][vc_empty_space height=&#8221;100px&#8221;][\/vc_column][\/vc_row]<\/p>\n","protected":false},"excerpt":{"rendered":"<p>[vc_row][vc_column][vc_column_text][\/vc_column_text][\/vc_column][\/vc_row][vc_row full_width=&#8221;stretch_row_content&#8221; equal_height=&#8221;yes&#8221; content_placement=&#8221;top&#8221; css=&#8221;.vc_custom_1516891335556{background-position: center !important;background-repeat: no-repeat !important;background-size: cover !important;}&#8221;][vc_column width=&#8221;1\/4&#8243; css=&#8221;.vc_custom_1531742558275{padding-left: 0px !important;background-position: center !important;background-repeat: no-repeat !important;background-size: cover !important;}&#8221; offset=&#8221;vc_hidden-sm vc_hidden-xs&#8221;][vc_single_image image=&#8221;5670&#8243; img_size=&#8221;full&#8221; alignment=&#8221;center&#8221; css_animation=&#8221;fadeInLeft&#8221; css=&#8221;.vc_custom_1595831571203{margin-bottom: 0px !important;}&#8221;][\/vc_column][vc_column width=&#8221;2\/4&#8243;][\/vc_column][vc_column width=&#8221;1\/4&#8243; css=&#8221;.vc_custom_1531742566904{padding-right: 0px !important;}&#8221; offset=&#8221;vc_hidden-sm vc_hidden-xs&#8221;][vc_single_image image=&#8221;5676&#8243; img_size=&#8221;full&#8221; alignment=&#8221;right&#8221; css_animation=&#8221;fadeInRight&#8221; css=&#8221;.vc_custom_1595831596571{margin-bottom: 0px !important;}&#8221;][\/vc_column][\/vc_row][vc_row][vc_column][vc_column_text][\/vc_column_text][\/vc_column][\/vc_row][vc_row full_width=&#8221;stretch_row_content_no_spaces&#8221;][vc_column][vc_text_separator title=&#8221;&#8221; i_icon_fontawesome=&#8221;fa fa-check&#8221; i_color=&#8221;custom&#8221; i_size=&#8221;lg&#8221; color=&#8221;custom&#8221; add_icon=&#8221;true&#8221; i_custom_color=&#8221;#161c3c&#8221; accent_color=&#8221;#eaeaea&#8221;][vc_empty_space height=&#8221;40px&#8221;][\/vc_column][\/vc_row][vc_row<a class=\"blog-read-more\" href=\"https:\/\/thispencer.com\/de\/ueber-atlas-sanitation-products\/\"> Read More..<\/a><\/p>\n","protected":false},"author":1,"featured_media":0,"parent":0,"menu_order":0,"comment_status":"closed","ping_status":"closed","template":"","meta":[],"yoast_head":"<!-- This site is optimized with the Yoast SEO plugin v18.1 - https:\/\/yoast.com\/wordpress\/plugins\/seo\/ -->\n<title>Atlas Sanitation Products, Entwurfer und Hersteller Handwaschbecken<\/title>\n<meta name=\"description\" content=\"Atlas entwurft und stellt her Urinale, Handwaschbecken, Abfallbeh\u00e4lter und Teuile f\u00fcr WC-Vermieter durchaus Europa und die Welt.\" \/>\n<meta name=\"robots\" content=\"index, follow, max-snippet:-1, max-image-preview:large, max-video-preview:-1\" \/>\n<link rel=\"canonical\" href=\"https:\/\/thispencer.com\/de\/ueber-atlas-sanitation-products\/\" \/>\n<meta property=\"og:locale\" content=\"de_DE\" \/>\n<meta property=\"og:type\" content=\"article\" \/>\n<meta property=\"og:title\" content=\"Atlas Sanitation Products, Entwurfer und Hersteller Handwaschbecken\" \/>\n<meta property=\"og:description\" content=\"Atlas entwurft und stellt her Urinale, Handwaschbecken, Abfallbeh\u00e4lter und Teuile f\u00fcr WC-Vermieter durchaus Europa und die Welt.\" \/>\n<meta property=\"og:url\" content=\"https:\/\/thispencer.com\/de\/ueber-atlas-sanitation-products\/\" \/>\n<meta property=\"og:site_name\" content=\"Thispencer, the mobile dispenser unit\" \/>\n<meta property=\"article:modified_time\" content=\"2020-07-27T12:59:59+00:00\" \/>\n<meta name=\"twitter:card\" content=\"summary_large_image\" \/>\n<meta name=\"twitter:label1\" content=\"Gesch\u00e4tzte Lesezeit\" \/>\n\t<meta name=\"twitter:data1\" content=\"6\u00a0Minuten\" \/>\n<script type=\"application\/ld+json\" class=\"yoast-schema-graph\">{\"@context\":\"https:\/\/schema.org\",\"@graph\":[{\"@type\":\"WebSite\",\"@id\":\"https:\/\/thispencer.com\/nl\/#website\",\"url\":\"https:\/\/thispencer.com\/nl\/\",\"name\":\"Thispencer, the mobile dispenser unit\",\"description\":\"A hygien station for all locations\",\"potentialAction\":[{\"@type\":\"SearchAction\",\"target\":{\"@type\":\"EntryPoint\",\"urlTemplate\":\"https:\/\/thispencer.com\/nl\/?s={search_term_string}\"},\"query-input\":\"required name=search_term_string\"}],\"inLanguage\":\"de\"},{\"@type\":\"WebPage\",\"@id\":\"https:\/\/thispencer.com\/de\/ueber-atlas-sanitation-products\/#webpage\",\"url\":\"https:\/\/thispencer.com\/de\/ueber-atlas-sanitation-products\/\",\"name\":\"Atlas Sanitation Products, Entwurfer und Hersteller Handwaschbecken\",\"isPartOf\":{\"@id\":\"https:\/\/thispencer.com\/nl\/#website\"},\"datePublished\":\"2018-01-25T13:37:20+00:00\",\"dateModified\":\"2020-07-27T12:59:59+00:00\",\"description\":\"Atlas entwurft und stellt her Urinale, Handwaschbecken, Abfallbeh\u00e4lter und Teuile f\u00fcr WC-Vermieter durchaus Europa und die Welt.\",\"breadcrumb\":{\"@id\":\"https:\/\/thispencer.com\/de\/ueber-atlas-sanitation-products\/#breadcrumb\"},\"inLanguage\":\"de\",\"potentialAction\":[{\"@type\":\"ReadAction\",\"target\":[\"https:\/\/thispencer.com\/de\/ueber-atlas-sanitation-products\/\"]}]},{\"@type\":\"BreadcrumbList\",\"@id\":\"https:\/\/thispencer.com\/de\/ueber-atlas-sanitation-products\/#breadcrumb\",\"itemListElement\":[{\"@type\":\"ListItem\",\"position\":1,\"name\":\"Home\",\"item\":\"https:\/\/thispencer.com\/de\/\"},{\"@type\":\"ListItem\",\"position\":2,\"name\":\"\u00dcber Atlas Sanitation Products BV\"}]}]}<\/script>\n<!-- \/ Yoast SEO plugin. -->","yoast_head_json":{"title":"Atlas Sanitation Products, Entwurfer und Hersteller Handwaschbecken","description":"Atlas entwurft und stellt her Urinale, Handwaschbecken, Abfallbeh\u00e4lter und Teuile f\u00fcr WC-Vermieter durchaus Europa und die Welt.","robots":{"index":"index","follow":"follow","max-snippet":"max-snippet:-1","max-image-preview":"max-image-preview:large","max-video-preview":"max-video-preview:-1"},"canonical":"https:\/\/thispencer.com\/de\/ueber-atlas-sanitation-products\/","og_locale":"de_DE","og_type":"article","og_title":"Atlas Sanitation Products, Entwurfer und Hersteller Handwaschbecken","og_description":"Atlas entwurft und stellt her Urinale, Handwaschbecken, Abfallbeh\u00e4lter und Teuile f\u00fcr WC-Vermieter durchaus Europa und die Welt.","og_url":"https:\/\/thispencer.com\/de\/ueber-atlas-sanitation-products\/","og_site_name":"Thispencer, the mobile dispenser unit","article_modified_time":"2020-07-27T12:59:59+00:00","twitter_card":"summary_large_image","twitter_misc":{"Gesch\u00e4tzte Lesezeit":"6\u00a0Minuten"},"schema":{"@context":"https:\/\/schema.org","@graph":[{"@type":"WebSite","@id":"https:\/\/thispencer.com\/nl\/#website","url":"https:\/\/thispencer.com\/nl\/","name":"Thispencer, the mobile dispenser unit","description":"A hygien station for all locations","potentialAction":[{"@type":"SearchAction","target":{"@type":"EntryPoint","urlTemplate":"https:\/\/thispencer.com\/nl\/?s={search_term_string}"},"query-input":"required name=search_term_string"}],"inLanguage":"de"},{"@type":"WebPage","@id":"https:\/\/thispencer.com\/de\/ueber-atlas-sanitation-products\/#webpage","url":"https:\/\/thispencer.com\/de\/ueber-atlas-sanitation-products\/","name":"Atlas Sanitation Products, Entwurfer und Hersteller Handwaschbecken","isPartOf":{"@id":"https:\/\/thispencer.com\/nl\/#website"},"datePublished":"2018-01-25T13:37:20+00:00","dateModified":"2020-07-27T12:59:59+00:00","description":"Atlas entwurft und stellt her Urinale, Handwaschbecken, Abfallbeh\u00e4lter und Teuile f\u00fcr WC-Vermieter durchaus Europa und die Welt.","breadcrumb":{"@id":"https:\/\/thispencer.com\/de\/ueber-atlas-sanitation-products\/#breadcrumb"},"inLanguage":"de","potentialAction":[{"@type":"ReadAction","target":["https:\/\/thispencer.com\/de\/ueber-atlas-sanitation-products\/"]}]},{"@type":"BreadcrumbList","@id":"https:\/\/thispencer.com\/de\/ueber-atlas-sanitation-products\/#breadcrumb","itemListElement":[{"@type":"ListItem","position":1,"name":"Home","item":"https:\/\/thispencer.com\/de\/"},{"@type":"ListItem","position":2,"name":"\u00dcber Atlas Sanitation Products BV"}]}]}},"_links":{"self":[{"href":"https:\/\/thispencer.com\/de\/wp-json\/wp\/v2\/pages\/4153"}],"collection":[{"href":"https:\/\/thispencer.com\/de\/wp-json\/wp\/v2\/pages"}],"about":[{"href":"https:\/\/thispencer.com\/de\/wp-json\/wp\/v2\/types\/page"}],"author":[{"embeddable":true,"href":"https:\/\/thispencer.com\/de\/wp-json\/wp\/v2\/users\/1"}],"replies":[{"embeddable":true,"href":"https:\/\/thispencer.com\/de\/wp-json\/wp\/v2\/comments?post=4153"}],"version-history":[{"count":21,"href":"https:\/\/thispencer.com\/de\/wp-json\/wp\/v2\/pages\/4153\/revisions"}],"predecessor-version":[{"id":5825,"href":"https:\/\/thispencer.com\/de\/wp-json\/wp\/v2\/pages\/4153\/revisions\/5825"}],"wp:attachment":[{"href":"https:\/\/thispencer.com\/de\/wp-json\/wp\/v2\/media?parent=4153"}],"curies":[{"name":"wp","href":"https:\/\/api.w.org\/{rel}","templated":true}]}}